{"id":2,"date":"2026-03-25T22:48:46","date_gmt":"2026-03-25T21:48:46","guid":{"rendered":"http:\/\/192.168.1.145\/?page_id=2"},"modified":"2026-03-26T14:21:09","modified_gmt":"2026-03-26T13:21:09","slug":"pagina-ejemplo","status":"publish","type":"page","link":"https:\/\/ea7or.es\/","title":{"rendered":"Bienvenido"},"content":{"rendered":"\n<figure class=\"wp-block-gallery has-nested-images columns-default is-cropped wp-block-gallery-1 is-layout-flex wp-block-gallery-is-layout-flex\">\n<figure class=\"wp-block-image size-large\"><img loading=\"lazy\" decoding=\"async\" width=\"772\" height=\"1024\" data-id=\"16\" src=\"https:\/\/ea7or.es\/wp-content\/uploads\/2026\/03\/yo_con_traje-1-772x1024.jpg\" alt=\"\" class=\"wp-image-16\" srcset=\"https:\/\/ea7or.es\/wp-content\/uploads\/2026\/03\/yo_con_traje-1-772x1024.jpg 772w, https:\/\/ea7or.es\/wp-content\/uploads\/2026\/03\/yo_con_traje-1-226x300.jpg 226w, https:\/\/ea7or.es\/wp-content\/uploads\/2026\/03\/yo_con_traje-1-768x1019.jpg 768w, https:\/\/ea7or.es\/wp-content\/uploads\/2026\/03\/yo_con_traje-1.jpg 880w\" sizes=\"auto, (max-width: 772px) 100vw, 772px\" \/><figcaption class=\"wp-element-caption\"><strong><kbd>Paco Dur\u00e1n - EA7OR<\/kbd><\/strong><\/figcaption><\/figure>\n<\/figure>\n\n\n\n<p><\/p>\n\n\n\n<p class=\"has-text-align-left\">Aqu\u00ed os cuento un poco mis experiencias en varios temas de mi inter\u00e9s, principalmente temas relacionados con la Radioafici\u00f3n. Desde muy peque\u00f1o me interes\u00f3 el mundo de las ondas y trasteaba a escondidas, eso s\u00ed, un viejo musiquero que hab\u00eda en casa. En aquellos a\u00f1os no hab\u00eda llegado a\u00fan la televisi\u00f3n a los hogares espa\u00f1oles. Fue precisamente el a\u00f1o que yo nac\u00ed cuando llego a nuestro pa\u00eds el maravilloso invento. Porque yo nac\u00ed el a\u00f1o en que Fidel Castro, con su ej\u00e9rcito de \u00abbarbudos\u00bb derroc\u00f3 a Batista en Cuba. La de vueltas que estoy dando para no decir mi edad, pero ah\u00ed os he dejado pistas.<\/p>\n\n\n\n<blockquote class=\"wp-block-quote is-layout-flow wp-block-quote-is-layout-flow\">\n<p>Mi llegada a la radio fue en el a\u00f1o 1978, coqueteando con la entonces clandestina Banda Ciudadana. Pero tendr\u00eda que llegar 1981 para que tuviera mi primera Estaci\u00f3n de CB, fue en la ciudad de Vitoria-Gasteiz donde resid\u00eda por motivos laborales. En aquellos a\u00f1os, todav\u00eda la CB \u00absin Papeles\u00bb disfrutaba haciendo mis primeros DX con Sudam\u00e9rica. Eran pocos los QSOs locales que realic\u00e9 por aquellos entonces, pero me permitieron hacer algunos amigos  en la zona debido a mi profesi\u00f3n y los dif\u00edciles a\u00f1os que corr\u00edan. Pero quiero destacar a uno en especial: Txema \u00abvizkarra\u00bb con el que tuve una relaci\u00f3n casi de hermano.<\/p>\n\n\n\n<p>Una vez ya viviendo en C\u00f3rdoba, donde vivo y resido, en los a\u00f1os 90&#8242; del siglo pasado obtuve mis primeros indicativos: <strong>EB7HOR<\/strong> y <strong>EC7ANA<\/strong> que los obtuve a la vez. Seis meses despu\u00e9s vino el <strong>EA7FOY <\/strong>que lo he conservado hasta el 17 de abril de 2006 en el que lo cambi\u00e9 por el actual <strong>EA7OR<\/strong>.<\/p>\n<\/blockquote>\n\n\n\n<p>M\u00e1s adelante detallare con m\u00e1s datos mi trayectoria en el mundo de la radio.<\/p>\n\n\n\n<blockquote class=\"wp-block-quote is-layout-flow wp-block-quote-is-layout-flow\">\n<p><\/p>\n<\/blockquote>\n\n\n\n<p><\/p>\n","protected":false},"excerpt":{"rendered":"<p>Aqu\u00ed os cuento un poco mis experiencias en varios temas de mi inter\u00e9s, principalmente temas relacionados con la Radioafici\u00f3n. Desde muy peque\u00f1o me interes\u00f3 el mundo de las ondas y trasteaba a escondidas, eso s\u00ed, un viejo musiquero que hab\u00eda en casa. En aquellos a\u00f1os no hab\u00eda llegado a\u00fan la televisi\u00f3n a los hogares espa\u00f1oles. &#8230; <a title=\"Bienvenido\" class=\"read-more\" href=\"https:\/\/ea7or.es\/\" aria-label=\"Leer m\u00e1s sobre Bienvenido\">Leer m\u00e1s<\/a><\/p>\n","protected":false},"author":1,"featured_media":0,"parent":0,"menu_order":0,"comment_status":"closed","ping_status":"open","template":"","meta":{"footnotes":""},"class_list":["post-2","page","type-page","status-publish"],"_links":{"self":[{"href":"https:\/\/ea7or.es\/index.php\/wp-json\/wp\/v2\/pages\/2","targetHints":{"allow":["GET"]}}],"collection":[{"href":"https:\/\/ea7or.es\/index.php\/wp-json\/wp\/v2\/pages"}],"about":[{"href":"https:\/\/ea7or.es\/index.php\/wp-json\/wp\/v2\/types\/page"}],"author":[{"embeddable":true,"href":"https:\/\/ea7or.es\/index.php\/wp-json\/wp\/v2\/users\/1"}],"replies":[{"embeddable":true,"href":"https:\/\/ea7or.es\/index.php\/wp-json\/wp\/v2\/comments?post=2"}],"version-history":[{"count":8,"href":"https:\/\/ea7or.es\/index.php\/wp-json\/wp\/v2\/pages\/2\/revisions"}],"predecessor-version":[{"id":31,"href":"https:\/\/ea7or.es\/index.php\/wp-json\/wp\/v2\/pages\/2\/revisions\/31"}],"wp:attachment":[{"href":"https:\/\/ea7or.es\/index.php\/wp-json\/wp\/v2\/media?parent=2"}],"curies":[{"name":"wp","href":"https:\/\/api.w.org\/{rel}","templated":true}]}}