{"id":46,"date":"2026-03-27T16:41:48","date_gmt":"2026-03-27T15:41:48","guid":{"rendered":"https:\/\/ea7or.es\/?page_id=46"},"modified":"2026-03-27T16:41:48","modified_gmt":"2026-03-27T15:41:48","slug":"tutoriales","status":"publish","type":"page","link":"https:\/\/ea7or.es\/index.php\/tutoriales\/","title":{"rendered":"Tutoriales"},"content":{"rendered":"\n<p>Lo mejor del conocimiento es compartirlo. Con esta frase no pretendo caer en la pedanter\u00eda, y mi \u00fanico fin es ense\u00f1ar lo que he aprendido con mis cacharros por si a alguien le puede servir.<\/p>\n\n\n\n<h2 class=\"wp-block-heading has-text-align-center\">YAESU FT-891<\/h2>\n\n\n\n<p><\/p>\n\n\n\n<figure class=\"wp-block-embed is-type-video is-provider-youtube wp-block-embed-youtube wp-embed-aspect-16-9 wp-has-aspect-ratio\"><div class=\"wp-block-embed__wrapper\">\n<iframe loading=\"lazy\" title=\"YAESU FT 891\" width=\"1200\" height=\"675\" src=\"https:\/\/www.youtube.com\/embed\/q_7g9aroI_g?feature=oembed\" frameborder=\"0\" allow=\"accelerometer; autoplay; clipboard-write; encrypted-media; gyroscope; picture-in-picture; web-share\" referrerpolicy=\"strict-origin-when-cross-origin\" allowfullscreen><\/iframe>\n<\/div><\/figure>\n","protected":false},"excerpt":{"rendered":"<p>Lo mejor del conocimiento es compartirlo. Con esta frase no pretendo caer en la pedanter\u00eda, y mi \u00fanico fin es ense\u00f1ar lo que he aprendido con mis cacharros por si a alguien le puede servir. YAESU FT-891<\/p>\n","protected":false},"author":1,"featured_media":0,"parent":0,"menu_order":0,"comment_status":"closed","ping_status":"closed","template":"","meta":{"footnotes":""},"class_list":["post-46","page","type-page","status-publish"],"_links":{"self":[{"href":"https:\/\/ea7or.es\/index.php\/wp-json\/wp\/v2\/pages\/46","targetHints":{"allow":["GET"]}}],"collection":[{"href":"https:\/\/ea7or.es\/index.php\/wp-json\/wp\/v2\/pages"}],"about":[{"href":"https:\/\/ea7or.es\/index.php\/wp-json\/wp\/v2\/types\/page"}],"author":[{"embeddable":true,"href":"https:\/\/ea7or.es\/index.php\/wp-json\/wp\/v2\/users\/1"}],"replies":[{"embeddable":true,"href":"https:\/\/ea7or.es\/index.php\/wp-json\/wp\/v2\/comments?post=46"}],"version-history":[{"count":1,"href":"https:\/\/ea7or.es\/index.php\/wp-json\/wp\/v2\/pages\/46\/revisions"}],"predecessor-version":[{"id":47,"href":"https:\/\/ea7or.es\/index.php\/wp-json\/wp\/v2\/pages\/46\/revisions\/47"}],"wp:attachment":[{"href":"https:\/\/ea7or.es\/index.php\/wp-json\/wp\/v2\/media?parent=46"}],"curies":[{"name":"wp","href":"https:\/\/api.w.org\/{rel}","templated":true}]}}